{"id":70,"date":"2025-02-03T16:11:44","date_gmt":"2025-02-03T16:11:44","guid":{"rendered":"https:\/\/icm-groupe.com\/?page_id=70"},"modified":"2025-02-07T22:24:34","modified_gmt":"2025-02-07T22:24:34","slug":"notre-objectif","status":"publish","type":"page","link":"https:\/\/icm-groupe.com\/index.php\/notre-objectif\/","title":{"rendered":"Notre Objectif"},"content":{"rendered":"<div class=\"limit-wrapper\"><div class=\"row \"><div class=\"wpv-grid grid-1-1  wpv-first-level first has-background unextended animation-from-right animated-active no-extended-padding\" style=\"background-color:#13727a;padding-top:0.05px;padding-bottom:0.05px;\" id=\"wpv-column-41a9c349f0fa02f59996b6b456b99268\" ><style>#wpv-column-41a9c349f0fa02f59996b6b456b99268 p,#wpv-column-41a9c349f0fa02f59996b6b456b99268 em,#wpv-column-41a9c349f0fa02f59996b6b456b99268 h1,#wpv-column-41a9c349f0fa02f59996b6b456b99268 h2,#wpv-column-41a9c349f0fa02f59996b6b456b99268 h3,#wpv-column-41a9c349f0fa02f59996b6b456b99268 h4,#wpv-column-41a9c349f0fa02f59996b6b456b99268 h5,#wpv-column-41a9c349f0fa02f59996b6b456b99268 h6,#wpv-column-41a9c349f0fa02f59996b6b456b99268 .column-title,#wpv-column-41a9c349f0fa02f59996b6b456b99268 .sep-text h2.regular-title-wrapper,#wpv-column-41a9c349f0fa02f59996b6b456b99268 .text-divider-double,#wpv-column-41a9c349f0fa02f59996b6b456b99268 .sep-text .sep-text-line,#wpv-column-41a9c349f0fa02f59996b6b456b99268 .sep,#wpv-column-41a9c349f0fa02f59996b6b456b99268 .sep-2,#wpv-column-41a9c349f0fa02f59996b6b456b99268 .sep-3,#wpv-column-41a9c349f0fa02f59996b6b456b99268 td,#wpv-column-41a9c349f0fa02f59996b6b456b99268 th,#wpv-column-41a9c349f0fa02f59996b6b456b99268 caption{color:#9ce9f0;}#wpv-column-41a9c349f0fa02f59996b6b456b99268:before{background-color:transparent;}<\/style><div class=\"row \"><div class=\"wpv-grid grid-1-1  first unextended no-extended-padding\" style=\"padding-top:0.05px;padding-bottom:0.05px;\" id=\"wpv-column-c4d074e1e9f67a7186933d1055724de2\" ><blockquote>\n<h2>NOTRE OBJECTIF :<\/h2>\n<p>Chez<span style=\"color: #999999;\"><strong> IVOIRE CONSTRUCTION ET MULTISERVICES<\/strong><\/span>, notre objectif est de devenir un acteur de r\u00e9f\u00e9rence dans le domaine de la construction pr\u00e9fabriqu\u00e9e et traditionnelle, en offrant \u00e0 nos clients des solutions modernes, durables et accessibles.<\/p>\n<p>Nous visons \u00e0 :<\/p>\n<p>\u2714 Optimiser les d\u00e9lais de construction gr\u00e2ce \u00e0 des techniques innovantes.<br \/>\n\u2714 Garantir des b\u00e2timents solides et durables, conformes aux normes de qualit\u00e9 et de s\u00e9curit\u00e9.<br \/>\n\u2714 Proposer des solutions \u00e9conomiques et \u00e9cologiques, r\u00e9duisant l\u2019impact environnemental.<br \/>\n\u2714 Accompagner nos clients \u00e0 chaque \u00e9tape de leur projet, en assurant un service personnalis\u00e9.<br \/>\n\u2714 D\u00e9velopper de nouvelles technologies et m\u00e9thodes pour r\u00e9pondre aux d\u00e9fis du secteur du b\u00e2timent.<\/p><\/blockquote><\/div><\/div><\/div><\/div><\/div>\n","protected":false},"excerpt":{"rendered":"<p>NOTRE OBJECTIF : Chez IVOIRE CONSTRUCTION ET MULTISERVICES, notre objectif est de devenir un acteur de r\u00e9f\u00e9rence dans le domaine de la construction pr\u00e9fabriqu\u00e9e et traditionnelle, en offrant \u00e0 nos clients des solutions modernes, durables et accessibles. Nous visons \u00e0 : \u2714 Optimiser les d\u00e9lais de construction gr\u00e2ce \u00e0 des techniques innovantes. \u2714 Garantir des&#8230;<\/p>\n","protected":false},"author":1,"featured_media":0,"parent":0,"menu_order":0,"comment_status":"closed","ping_status":"closed","template":"","meta":{"footnotes":""},"class_list":["post-70","page","type-page","status-publish","hentry"],"_links":{"self":[{"href":"https:\/\/icm-groupe.com\/index.php\/wp-json\/wp\/v2\/pages\/70","targetHints":{"allow":["GET"]}}],"collection":[{"href":"https:\/\/icm-groupe.com\/index.php\/wp-json\/wp\/v2\/pages"}],"about":[{"href":"https:\/\/icm-groupe.com\/index.php\/wp-json\/wp\/v2\/types\/page"}],"author":[{"embeddable":true,"href":"https:\/\/icm-groupe.com\/index.php\/wp-json\/wp\/v2\/users\/1"}],"replies":[{"embeddable":true,"href":"https:\/\/icm-groupe.com\/index.php\/wp-json\/wp\/v2\/comments?post=70"}],"version-history":[{"count":5,"href":"https:\/\/icm-groupe.com\/index.php\/wp-json\/wp\/v2\/pages\/70\/revisions"}],"predecessor-version":[{"id":386,"href":"https:\/\/icm-groupe.com\/index.php\/wp-json\/wp\/v2\/pages\/70\/revisions\/386"}],"wp:attachment":[{"href":"https:\/\/icm-groupe.com\/index.php\/wp-json\/wp\/v2\/media?parent=70"}],"curies":[{"name":"wp","href":"https:\/\/api.w.org\/{rel}","templated":true}]}}