{"id":50,"date":"2025-02-03T14:50:44","date_gmt":"2025-02-03T14:50:44","guid":{"rendered":"https:\/\/icm-groupe.com\/?page_id=50"},"modified":"2025-02-18T10:44:36","modified_gmt":"2025-02-18T10:44:36","slug":"electricite","status":"publish","type":"page","link":"https:\/\/icm-groupe.com\/index.php\/electricite\/","title":{"rendered":"Electricit\u00e9"},"content":{"rendered":"<div class=\"limit-wrapper\"><div class=\"row \"><div class=\"wpv-grid grid-1-1  wpv-first-level first unextended no-extended-padding\" style=\"padding-top:0.05px;padding-bottom:0.05px;\" id=\"wpv-column-9f281312e0386d5d7ac7c5b3be7422c2\" ><blockquote><p><img loading=\"lazy\" decoding=\"async\" class=\" wp-image-236 alignleft\" src=\"https:\/\/icm-groupe.com\/wp-content\/uploads\/2025\/02\/electricite-300x186.jpeg\" alt=\"\" width=\"365\" height=\"226\" srcset=\"https:\/\/icm-groupe.com\/wp-content\/uploads\/2025\/02\/electricite-300x186.jpeg 300w, https:\/\/icm-groupe.com\/wp-content\/uploads\/2025\/02\/electricite-1024x634.jpeg 1024w, https:\/\/icm-groupe.com\/wp-content\/uploads\/2025\/02\/electricite-768x476.jpeg 768w, https:\/\/icm-groupe.com\/wp-content\/uploads\/2025\/02\/electricite-1536x952.jpeg 1536w, https:\/\/icm-groupe.com\/wp-content\/uploads\/2025\/02\/electricite-800x496.jpeg 800w, https:\/\/icm-groupe.com\/wp-content\/uploads\/2025\/02\/electricite-1140x706.jpeg 1140w, https:\/\/icm-groupe.com\/wp-content\/uploads\/2025\/02\/electricite-555x344.jpeg 555w, https:\/\/icm-groupe.com\/wp-content\/uploads\/2025\/02\/electricite-360x223.jpeg 360w, https:\/\/icm-groupe.com\/wp-content\/uploads\/2025\/02\/electricite-262x162.jpeg 262w, https:\/\/icm-groupe.com\/wp-content\/uploads\/2025\/02\/electricite-1320x818.jpeg 1320w, https:\/\/icm-groupe.com\/wp-content\/uploads\/2025\/02\/electricite.jpeg 2000w\" sizes=\"auto, (max-width: 365px) 100vw, 365px\" \/>Mise en place et maintenance d\u2019installations \u00e9lectriques conformes aux normes de s\u00e9curit\u00e9.<\/p><\/blockquote><\/div><\/div><\/div>\n","protected":false},"excerpt":{"rendered":"<p>Mise en place et maintenance d\u2019installations \u00e9lectriques conformes aux normes de s\u00e9curit\u00e9.<\/p>\n","protected":false},"author":1,"featured_media":0,"parent":0,"menu_order":0,"comment_status":"closed","ping_status":"closed","template":"","meta":{"footnotes":""},"class_list":["post-50","page","type-page","status-publish","hentry"],"_links":{"self":[{"href":"https:\/\/icm-groupe.com\/index.php\/wp-json\/wp\/v2\/pages\/50","targetHints":{"allow":["GET"]}}],"collection":[{"href":"https:\/\/icm-groupe.com\/index.php\/wp-json\/wp\/v2\/pages"}],"about":[{"href":"https:\/\/icm-groupe.com\/index.php\/wp-json\/wp\/v2\/types\/page"}],"author":[{"embeddable":true,"href":"https:\/\/icm-groupe.com\/index.php\/wp-json\/wp\/v2\/users\/1"}],"replies":[{"embeddable":true,"href":"https:\/\/icm-groupe.com\/index.php\/wp-json\/wp\/v2\/comments?post=50"}],"version-history":[{"count":3,"href":"https:\/\/icm-groupe.com\/index.php\/wp-json\/wp\/v2\/pages\/50\/revisions"}],"predecessor-version":[{"id":562,"href":"https:\/\/icm-groupe.com\/index.php\/wp-json\/wp\/v2\/pages\/50\/revisions\/562"}],"wp:attachment":[{"href":"https:\/\/icm-groupe.com\/index.php\/wp-json\/wp\/v2\/media?parent=50"}],"curies":[{"name":"wp","href":"https:\/\/api.w.org\/{rel}","templated":true}]}}