{"id":46,"date":"2025-02-03T14:49:34","date_gmt":"2025-02-03T14:49:34","guid":{"rendered":"https:\/\/icm-groupe.com\/?page_id=46"},"modified":"2025-02-18T11:20:48","modified_gmt":"2025-02-18T11:20:48","slug":"construction-prefabriques","status":"publish","type":"page","link":"https:\/\/icm-groupe.com\/index.php\/construction-prefabriques\/","title":{"rendered":"Construction pr\u00e9fabriqu\u00e9e"},"content":{"rendered":"<div class=\"limit-wrapper\"><div class=\"row \"><div class=\"wpv-grid grid-1-1  wpv-first-level first unextended no-extended-padding\" style=\"padding-top:0.05px;padding-bottom:0.05px;\" id=\"wpv-column-27222ee1f5b030a952af0bd0c02d9f93\" ><div class=\"row \"><div class=\"wpv-grid grid-1-1  first unextended left-border no-extended-padding\" style=\"padding-top:0.05px;padding-bottom:0.05px;\" id=\"wpv-column-9e4b6e111412324ce6a39ee333ccb22b\" ><style>#wpv-column-9e4b6e111412324ce6a39ee333ccb22b:before{background-color:#5b6460;}<\/style><div class=\"row \"><div class=\"wpv-grid grid-1-1  first unextended no-extended-padding\" style=\"padding-top:0.05px;padding-bottom:0.05px;\" id=\"wpv-column-22f4713e90201f8ab4300d126172118e\" ><p><img loading=\"lazy\" decoding=\"async\" class=\"wp-image-594 alignleft\" src=\"https:\/\/icm-groupe.com\/wp-content\/uploads\/2025\/02\/2-1-300x225.jpg\" alt=\"\" width=\"456\" height=\"342\" srcset=\"https:\/\/icm-groupe.com\/wp-content\/uploads\/2025\/02\/2-1-300x225.jpg 300w, https:\/\/icm-groupe.com\/wp-content\/uploads\/2025\/02\/2-1-1024x768.jpg 1024w, https:\/\/icm-groupe.com\/wp-content\/uploads\/2025\/02\/2-1-768x576.jpg 768w, https:\/\/icm-groupe.com\/wp-content\/uploads\/2025\/02\/2-1-800x600.jpg 800w, https:\/\/icm-groupe.com\/wp-content\/uploads\/2025\/02\/2-1-555x416.jpg 555w, https:\/\/icm-groupe.com\/wp-content\/uploads\/2025\/02\/2-1-360x270.jpg 360w, https:\/\/icm-groupe.com\/wp-content\/uploads\/2025\/02\/2-1-262x197.jpg 262w, https:\/\/icm-groupe.com\/wp-content\/uploads\/2025\/02\/2-1.jpg 1080w\" sizes=\"auto, (max-width: 456px) 100vw, 456px\" \/><\/p>\n<blockquote>\n<p style=\"text-align: center;\">Installation rapide, \u00e9conomique et r\u00e9sistante, id\u00e9ale pour des logements et bureaux confortables, bases-vie et b\u00e2timents modulaires<\/p>\n<\/blockquote><\/div><\/div><\/div><\/div><\/div><\/div><\/div>\n<div class=\"limit-wrapper\"><div class=\"row \"><div class=\"wpv-grid grid-1-1  wpv-first-level first unextended animation-from-left animated-active no-extended-padding\" style=\"padding-top:0.05px;padding-bottom:0.05px;\" id=\"wpv-column-21ce96b2f5c871b7cecd55aabcbd8dd5\" ><div class=\"services has-more \" id=\"wpv-expandable-0cb7e5fd89e3526291e4df18cc20a996\">\n\t<div class=\"closed services-inside\">\n\t\t<div class=\"services-content-wrapper clearfix\">\n\t\t\t\n\t\t\t\t\t\t\t<h3 class=\"title\">Avantages<\/h3><br>\n\t\t\t\t\t\t\n\n\t\t<\/div>\n\t<\/div>\n\t<div class=\"open services-inside\">\n\t\t<div class=\"services-content-wrapper\">\n\t\t\t<div class=\"row\">\n\t\t\t\t\n<ul>\n<li>Importation du mat\u00e9riel depuis les pays de fabrication<\/li>\n<li>rapport qualit\u00e9\/ co\u00fbt incomparable<\/li>\n<li>Montage par notre \u00e9quipe d\u00e9di\u00e9e<\/li>\n<li>Installation sur site<\/li>\n<li>Electrification<\/li>\n<li>pose de climatisation<\/li>\n<li>Plomberie<\/li>\n<li>peinture<\/li>\n<li>finition propre et juste<\/li>\n<\/ul>\n\t\t\t<\/div>\n\t\t<\/div>\n\t<\/div>\n<\/div>\n<style scoped>#wpv-expandable-0cb7e5fd89e3526291e4df18cc20a996 .closed{background-color:#13727a;}#wpv-expandable-0cb7e5fd89e3526291e4df18cc20a996 .closed,#wpv-expandable-0cb7e5fd89e3526291e4df18cc20a996 .closed p,#wpv-expandable-0cb7e5fd89e3526291e4df18cc20a996 .closed .sep-text h2.regular-title-wrapper,#wpv-expandable-0cb7e5fd89e3526291e4df18cc20a996 .closed .text-divider-double,#wpv-expandable-0cb7e5fd89e3526291e4df18cc20a996 .closed .sep-text .sep-text-line,#wpv-expandable-0cb7e5fd89e3526291e4df18cc20a996 .closed .sep,#wpv-expandable-0cb7e5fd89e3526291e4df18cc20a996 .closed .sep-2,#wpv-expandable-0cb7e5fd89e3526291e4df18cc20a996 .closed .sep-3,#wpv-expandable-0cb7e5fd89e3526291e4df18cc20a996 .closed h1,#wpv-expandable-0cb7e5fd89e3526291e4df18cc20a996 .closed h2,#wpv-expandable-0cb7e5fd89e3526291e4df18cc20a996 .closed h3,#wpv-expandable-0cb7e5fd89e3526291e4df18cc20a996 .closed h4,#wpv-expandable-0cb7e5fd89e3526291e4df18cc20a996 .closed h5,#wpv-expandable-0cb7e5fd89e3526291e4df18cc20a996 .closed h6,#wpv-expandable-0cb7e5fd89e3526291e4df18cc20a996 .closed td,#wpv-expandable-0cb7e5fd89e3526291e4df18cc20a996 .closed th,#wpv-expandable-0cb7e5fd89e3526291e4df18cc20a996 .closed caption{color:#9ce9f0;}#wpv-expandable-0cb7e5fd89e3526291e4df18cc20a996 .open{background:#ded4d4;}#wpv-expandable-0cb7e5fd89e3526291e4df18cc20a996 .open,#wpv-expandable-0cb7e5fd89e3526291e4df18cc20a996 .open p,#wpv-expandable-0cb7e5fd89e3526291e4df18cc20a996 .open .sep-text h2.regular-title-wrapper,#wpv-expandable-0cb7e5fd89e3526291e4df18cc20a996 .open .text-divider-double,#wpv-expandable-0cb7e5fd89e3526291e4df18cc20a996 .open .sep-text .sep-text-line,#wpv-expandable-0cb7e5fd89e3526291e4df18cc20a996 .open .sep,#wpv-expandable-0cb7e5fd89e3526291e4df18cc20a996 .open .sep-2,#wpv-expandable-0cb7e5fd89e3526291e4df18cc20a996 .open .sep-3,#wpv-expandable-0cb7e5fd89e3526291e4df18cc20a996 .open h1,#wpv-expandable-0cb7e5fd89e3526291e4df18cc20a996 .open h2,#wpv-expandable-0cb7e5fd89e3526291e4df18cc20a996 .open h3,#wpv-expandable-0cb7e5fd89e3526291e4df18cc20a996 .open h4,#wpv-expandable-0cb7e5fd89e3526291e4df18cc20a996 .open h5,#wpv-expandable-0cb7e5fd89e3526291e4df18cc20a996 .open h6,#wpv-expandable-0cb7e5fd89e3526291e4df18cc20a996 .open td,#wpv-expandable-0cb7e5fd89e3526291e4df18cc20a996 .open th,#wpv-expandable-0cb7e5fd89e3526291e4df18cc20a996 .open caption{color:#654e4e;}<\/style>\n<\/div><\/div><\/div>\n<div class=\"limit-wrapper\"><div class=\"sep\"><\/div><\/div>\n","protected":false},"excerpt":{"rendered":"<p>Installation rapide, \u00e9conomique et r\u00e9sistante, id\u00e9ale pour des logements et bureaux confortables, bases-vie et b\u00e2timents modulaires<\/p>\n","protected":false},"author":1,"featured_media":0,"parent":0,"menu_order":0,"comment_status":"closed","ping_status":"closed","template":"","meta":{"footnotes":""},"class_list":["post-46","page","type-page","status-publish","hentry"],"_links":{"self":[{"href":"https:\/\/icm-groupe.com\/index.php\/wp-json\/wp\/v2\/pages\/46","targetHints":{"allow":["GET"]}}],"collection":[{"href":"https:\/\/icm-groupe.com\/index.php\/wp-json\/wp\/v2\/pages"}],"about":[{"href":"https:\/\/icm-groupe.com\/index.php\/wp-json\/wp\/v2\/types\/page"}],"author":[{"embeddable":true,"href":"https:\/\/icm-groupe.com\/index.php\/wp-json\/wp\/v2\/users\/1"}],"replies":[{"embeddable":true,"href":"https:\/\/icm-groupe.com\/index.php\/wp-json\/wp\/v2\/comments?post=46"}],"version-history":[{"count":63,"href":"https:\/\/icm-groupe.com\/index.php\/wp-json\/wp\/v2\/pages\/46\/revisions"}],"predecessor-version":[{"id":655,"href":"https:\/\/icm-groupe.com\/index.php\/wp-json\/wp\/v2\/pages\/46\/revisions\/655"}],"wp:attachment":[{"href":"https:\/\/icm-groupe.com\/index.php\/wp-json\/wp\/v2\/media?parent=46"}],"curies":[{"name":"wp","href":"https:\/\/api.w.org\/{rel}","templated":true}]}}