{"id":44,"date":"2025-02-03T14:48:47","date_gmt":"2025-02-03T14:48:47","guid":{"rendered":"https:\/\/icm-groupe.com\/?page_id=44"},"modified":"2025-02-17T07:47:17","modified_gmt":"2025-02-17T07:47:17","slug":"construction-classique","status":"publish","type":"page","link":"https:\/\/icm-groupe.com\/index.php\/construction-classique\/","title":{"rendered":"Construction classique"},"content":{"rendered":"<div class=\"limit-wrapper\"><div class=\"row \"><div class=\"wpv-grid grid-1-1  wpv-first-level first unextended no-extended-padding\" style=\"padding-top:0.05px;padding-bottom:0.05px;\" id=\"wpv-column-fe53efaef0b9fe998b43f4c59cb50f97\" ><blockquote><p><img loading=\"lazy\" decoding=\"async\" class=\"wp-image-377 alignleft\" src=\"https:\/\/icm-groupe.com\/wp-content\/uploads\/2025\/02\/briques-300x169.jpg\" alt=\"\" width=\"428\" height=\"241\" srcset=\"https:\/\/icm-groupe.com\/wp-content\/uploads\/2025\/02\/briques-300x169.jpg 300w, https:\/\/icm-groupe.com\/wp-content\/uploads\/2025\/02\/briques-360x202.jpg 360w, https:\/\/icm-groupe.com\/wp-content\/uploads\/2025\/02\/briques-262x147.jpg 262w, https:\/\/icm-groupe.com\/wp-content\/uploads\/2025\/02\/briques.jpg 555w\" sizes=\"auto, (max-width: 428px) 100vw, 428px\" \/><\/p>\n<p>De la fondation aux finitions, nous r\u00e9alisons tous types de b\u00e2timents en ma\u00e7onnerie.<\/p><\/blockquote><\/div><\/div><\/div>\n","protected":false},"excerpt":{"rendered":"<p>De la fondation aux finitions, nous r\u00e9alisons tous types de b\u00e2timents en ma\u00e7onnerie.<\/p>\n","protected":false},"author":1,"featured_media":0,"parent":0,"menu_order":0,"comment_status":"closed","ping_status":"closed","template":"","meta":{"footnotes":""},"class_list":["post-44","page","type-page","status-publish","hentry"],"_links":{"self":[{"href":"https:\/\/icm-groupe.com\/index.php\/wp-json\/wp\/v2\/pages\/44","targetHints":{"allow":["GET"]}}],"collection":[{"href":"https:\/\/icm-groupe.com\/index.php\/wp-json\/wp\/v2\/pages"}],"about":[{"href":"https:\/\/icm-groupe.com\/index.php\/wp-json\/wp\/v2\/types\/page"}],"author":[{"embeddable":true,"href":"https:\/\/icm-groupe.com\/index.php\/wp-json\/wp\/v2\/users\/1"}],"replies":[{"embeddable":true,"href":"https:\/\/icm-groupe.com\/index.php\/wp-json\/wp\/v2\/comments?post=44"}],"version-history":[{"count":10,"href":"https:\/\/icm-groupe.com\/index.php\/wp-json\/wp\/v2\/pages\/44\/revisions"}],"predecessor-version":[{"id":554,"href":"https:\/\/icm-groupe.com\/index.php\/wp-json\/wp\/v2\/pages\/44\/revisions\/554"}],"wp:attachment":[{"href":"https:\/\/icm-groupe.com\/index.php\/wp-json\/wp\/v2\/media?parent=44"}],"curies":[{"name":"wp","href":"https:\/\/api.w.org\/{rel}","templated":true}]}}