{"id":38,"date":"2025-02-03T14:41:54","date_gmt":"2025-02-03T14:41:54","guid":{"rendered":"https:\/\/icm-groupe.com\/?page_id=38"},"modified":"2025-02-17T08:26:56","modified_gmt":"2025-02-17T08:26:56","slug":"nos-partenaires","status":"publish","type":"page","link":"https:\/\/icm-groupe.com\/index.php\/nos-partenaires\/","title":{"rendered":"NOS PARTENAIRES"},"content":{"rendered":"<div class=\"limit-wrapper\"><div class=\"row \"><div class=\"wpv-grid grid-1-1  wpv-first-level first unextended no-extended-padding\" style=\"padding-top:0.05px;padding-bottom:0.05px;\" id=\"wpv-column-c636a8d884ebe4f0593d4910e9a2ab40\" ><h3 style=\"text-align: center;\"><span style=\"color: #333333; font-size: 50px;\"><strong>Ceux qui nous font confiance<\/strong><\/span><\/h3><\/div><\/div><\/div>\n<div class=\"limit-wrapper\"><div class=\"row \"><div class=\"wpv-grid grid-1-1  wpv-first-level first unextended left-border no-extended-padding\" style=\"padding-top:0.05px;padding-bottom:0.05px;\" id=\"wpv-column-3be770a3464351ac64b90ed9863f45ab\" ><style>#wpv-column-3be770a3464351ac64b90ed9863f45ab:before{background-color:#cec6c6;}<\/style><div class=\"row \"><div class=\"wpv-grid grid-1-3  first unextended animation-zoom-in animated-active no-extended-padding\" style=\"padding-top:0.05px;padding-bottom:0.05px;\" id=\"wpv-column-ec4639a0c4d353dd1b90a96018f4bc26\" ><p><img loading=\"lazy\" decoding=\"async\" class=\"aligncenter wp-image-157 size-medium\" title=\"DGI-CI\" src=\"https:\/\/icm-groupe.com\/wp-content\/uploads\/2025\/02\/LOGO-IMPOT-300x225.jpg\" alt=\"\" width=\"300\" height=\"225\" srcset=\"https:\/\/icm-groupe.com\/wp-content\/uploads\/2025\/02\/LOGO-IMPOT-300x225.jpg 300w, https:\/\/icm-groupe.com\/wp-content\/uploads\/2025\/02\/LOGO-IMPOT-360x270.jpg 360w, https:\/\/icm-groupe.com\/wp-content\/uploads\/2025\/02\/LOGO-IMPOT-262x197.jpg 262w, https:\/\/icm-groupe.com\/wp-content\/uploads\/2025\/02\/LOGO-IMPOT.jpg 480w\" sizes=\"auto, (max-width: 300px) 100vw, 300px\" \/><\/p>\n<p style=\"text-align: center;\"><span style=\"color: #333333;\">Direction G\u00e9n\u00e9rale des Imp\u00f4ts de C\u00f4te d&#8217;Ivoire<\/span><\/div>\n<div class=\"wpv-grid grid-1-3  unextended animation-zoom-in animated-active no-extended-padding\" style=\"padding-top:0.05px;padding-bottom:0.05px;\" id=\"wpv-column-70f820994d4d84b2e356e3b1eb18442b\" ><p><img loading=\"lazy\" decoding=\"async\" class=\"size-full wp-image-22 aligncenter\" src=\"https:\/\/icm-groupe.com\/wp-content\/uploads\/2025\/02\/usa.jpg\" alt=\"\" width=\"204\" height=\"192\" \/><\/p>\n<p style=\"text-align: center;\"><span style=\"color: #333333;\">Ambassade des USA en C\u00f4te d&#8217;Ivoire<\/span><\/div>\n<div class=\"wpv-grid grid-1-3  unextended animation-zoom-in animated-active no-extended-padding\" style=\"padding-top:0.05px;padding-bottom:0.05px;\" id=\"wpv-column-9f769853e3010755d7fb05f84e97b6ff\" ><p><strong><a href=\"http:\/\/snedai.com\/\" target=\"_blank\" rel=\"noopener\"><img loading=\"lazy\" decoding=\"async\" class=\"aligncenter wp-image-21 size-medium\" title=\"SNEDAI\" src=\"https:\/\/icm-groupe.com\/wp-content\/uploads\/2025\/02\/snadal-300x178.jpg\" alt=\"\" width=\"300\" height=\"178\" srcset=\"https:\/\/icm-groupe.com\/wp-content\/uploads\/2025\/02\/snadal-300x178.jpg 300w, https:\/\/icm-groupe.com\/wp-content\/uploads\/2025\/02\/snadal-768x455.jpg 768w, https:\/\/icm-groupe.com\/wp-content\/uploads\/2025\/02\/snadal-800x474.jpg 800w, https:\/\/icm-groupe.com\/wp-content\/uploads\/2025\/02\/snadal-555x329.jpg 555w, https:\/\/icm-groupe.com\/wp-content\/uploads\/2025\/02\/snadal-360x213.jpg 360w, https:\/\/icm-groupe.com\/wp-content\/uploads\/2025\/02\/snadal-262x155.jpg 262w, https:\/\/icm-groupe.com\/wp-content\/uploads\/2025\/02\/snadal.jpg 828w\" sizes=\"auto, (max-width: 300px) 100vw, 300px\" \/><\/a><\/strong><\/p>\n<p style=\"text-align: center;\">Soci\u00e9t\u00e9 National d&#8217;Edition de Document Administratif et d&#8217;Identification<\/div><\/div>\n<div class=\"row \"><div class=\"wpv-grid grid-1-3  first unextended animation-zoom-in animated-active no-extended-padding\" style=\"padding-top:0.05px;padding-bottom:0.05px;\" id=\"wpv-column-a332f0c1fcb72cff20d061bf7903932c\" ><p><img loading=\"lazy\" decoding=\"async\" class=\"alignnone wp-image-20 aligncenter\" src=\"https:\/\/icm-groupe.com\/wp-content\/uploads\/2025\/02\/sitarail.jpg\" alt=\"\" width=\"203\" height=\"203\" srcset=\"https:\/\/icm-groupe.com\/wp-content\/uploads\/2025\/02\/sitarail.jpg 225w, https:\/\/icm-groupe.com\/wp-content\/uploads\/2025\/02\/sitarail-150x150.jpg 150w, https:\/\/icm-groupe.com\/wp-content\/uploads\/2025\/02\/sitarail-60x60.jpg 60w, https:\/\/icm-groupe.com\/wp-content\/uploads\/2025\/02\/sitarail-43x43.jpg 43w\" sizes=\"auto, (max-width: 203px) 100vw, 203px\" \/><\/p>\n<p style=\"text-align: center;\"><strong><span style=\"color: #333333;\">Soci\u00e9t\u00e9 Internationale de Transport par Rail<\/span><\/strong><\/div>\n<div class=\"wpv-grid grid-1-3  unextended animation-zoom-in animated-active no-extended-padding\" style=\"padding-top:0.05px;padding-bottom:0.05px;\" id=\"wpv-column-d1362db7a131230811709209faade97c\" ><p><img loading=\"lazy\" decoding=\"async\" class=\"wp-image-19 size-full aligncenter\" src=\"https:\/\/icm-groupe.com\/wp-content\/uploads\/2025\/02\/rescue.jpg\" alt=\"\" width=\"194\" height=\"259\" \/><\/p>\n<p style=\"text-align: center;\"><span style=\"color: #333333;\">INTERNATIONAL RESCUE COMMITTE<\/span><\/div>\n<div class=\"wpv-grid grid-1-3  unextended animation-zoom-in animated-active no-extended-padding\" style=\"padding-top:0.05px;padding-bottom:0.05px;\" id=\"wpv-column-8facb685c5a63c18b3e5a4270317e957\" ><p><img loading=\"lazy\" decoding=\"async\" class=\"wp-image-18 size-medium aligncenter\" src=\"https:\/\/icm-groupe.com\/wp-content\/uploads\/2025\/02\/porteo-300x152.jpg\" alt=\"\" width=\"300\" height=\"152\" srcset=\"https:\/\/icm-groupe.com\/wp-content\/uploads\/2025\/02\/porteo-300x152.jpg 300w, https:\/\/icm-groupe.com\/wp-content\/uploads\/2025\/02\/porteo-262x133.jpg 262w, https:\/\/icm-groupe.com\/wp-content\/uploads\/2025\/02\/porteo.jpg 315w\" sizes=\"auto, (max-width: 300px) 100vw, 300px\" \/><\/p>\n<p style=\"text-align: center;\"><span style=\"color: #333333;\">PORTEO-BTP\u00a0<\/span><\/div><\/div>\n<div class=\"row \"><div class=\"wpv-grid grid-1-3  first unextended animation-zoom-in animated-active no-extended-padding\" style=\"padding-top:0.05px;padding-bottom:0.05px;\" id=\"wpv-column-cbc1c4487855c9ab5ea0a4b16b62e7c4\" ><p><img loading=\"lazy\" decoding=\"async\" class=\"wp-image-17 size-full aligncenter\" src=\"https:\/\/icm-groupe.com\/wp-content\/uploads\/2025\/02\/mudci.jpg\" alt=\"\" width=\"204\" height=\"192\" \/><\/p>\n<p style=\"text-align: center;\"><span style=\"color: #333333;\">Mutuelle des Douaniers de C\u00f4te d&#8217;Ivoire<\/span><\/div>\n<div class=\"wpv-grid grid-1-3  unextended animation-zoom-in animated-active no-extended-padding\" style=\"padding-top:0.05px;padding-bottom:0.05px;\" id=\"wpv-column-4d2850395850d139ed2aa624a5826d7f\" ><p><img loading=\"lazy\" decoding=\"async\" class=\"wp-image-16 size-medium aligncenter\" src=\"https:\/\/icm-groupe.com\/wp-content\/uploads\/2025\/02\/IMG-20250131-WA0015-300x229.jpg\" alt=\"\" width=\"300\" height=\"229\" srcset=\"https:\/\/icm-groupe.com\/wp-content\/uploads\/2025\/02\/IMG-20250131-WA0015-300x229.jpg 300w, https:\/\/icm-groupe.com\/wp-content\/uploads\/2025\/02\/IMG-20250131-WA0015-768x587.jpg 768w, https:\/\/icm-groupe.com\/wp-content\/uploads\/2025\/02\/IMG-20250131-WA0015-800x612.jpg 800w, https:\/\/icm-groupe.com\/wp-content\/uploads\/2025\/02\/IMG-20250131-WA0015-555x426.jpg 555w, https:\/\/icm-groupe.com\/wp-content\/uploads\/2025\/02\/IMG-20250131-WA0015-360x276.jpg 360w, https:\/\/icm-groupe.com\/wp-content\/uploads\/2025\/02\/IMG-20250131-WA0015-262x201.jpg 262w, https:\/\/icm-groupe.com\/wp-content\/uploads\/2025\/02\/IMG-20250131-WA0015.jpg 828w\" sizes=\"auto, (max-width: 300px) 100vw, 300px\" \/><\/p>\n<p style=\"text-align: center;\"><span style=\"color: #333333;\">UNISERV-BTP<\/span><\/div>\n<div class=\"wpv-grid grid-1-3  unextended animation-zoom-in animated-active no-extended-padding\" style=\"padding-top:0.05px;padding-bottom:0.05px;\" id=\"wpv-column-a19bbdc3d13470904f54512e01259853\" ><p><img loading=\"lazy\" decoding=\"async\" class=\"wp-image-15 size-full aligncenter\" src=\"https:\/\/icm-groupe.com\/wp-content\/uploads\/2025\/02\/IMG-20250131-WA0014.jpg\" alt=\"\" width=\"200\" height=\"200\" srcset=\"https:\/\/icm-groupe.com\/wp-content\/uploads\/2025\/02\/IMG-20250131-WA0014.jpg 200w, https:\/\/icm-groupe.com\/wp-content\/uploads\/2025\/02\/IMG-20250131-WA0014-150x150.jpg 150w, https:\/\/icm-groupe.com\/wp-content\/uploads\/2025\/02\/IMG-20250131-WA0014-60x60.jpg 60w, https:\/\/icm-groupe.com\/wp-content\/uploads\/2025\/02\/IMG-20250131-WA0014-43x43.jpg 43w\" sizes=\"auto, (max-width: 200px) 100vw, 200px\" \/><\/p>\n<p style=\"text-align: center;\">NEW ENTREPRISE<\/div><\/div>\n<div class=\"row \"><div class=\"wpv-grid grid-1-3  first unextended animation-zoom-in animated-active no-extended-padding\" style=\"padding-top:0.05px;padding-bottom:0.05px;\" id=\"wpv-column-370da265bb03af198a94ceb9fd4fb299\" ><p><img loading=\"lazy\" decoding=\"async\" class=\"wp-image-14 size-full aligncenter\" src=\"https:\/\/icm-groupe.com\/wp-content\/uploads\/2025\/02\/IMG-20250130-WA0026.jpg\" alt=\"\" width=\"204\" height=\"192\" \/><\/p>\n<p style=\"text-align: center;\"><span style=\"color: #333333;\">Centre Hospitalier Urbain de Treichville<\/span><\/div>\n<div class=\"wpv-grid grid-1-3  unextended animation-zoom-in animated-active no-extended-padding\" style=\"padding-top:0.05px;padding-bottom:0.05px;\" id=\"wpv-column-a8eb449bcfc065ecafa260162c630add\" ><p><img loading=\"lazy\" decoding=\"async\" class=\"wp-image-13 size-medium aligncenter\" src=\"https:\/\/icm-groupe.com\/wp-content\/uploads\/2025\/02\/elecnor-300x134.jpg\" alt=\"\" width=\"300\" height=\"134\" srcset=\"https:\/\/icm-groupe.com\/wp-content\/uploads\/2025\/02\/elecnor-300x134.jpg 300w, https:\/\/icm-groupe.com\/wp-content\/uploads\/2025\/02\/elecnor-262x117.jpg 262w, https:\/\/icm-groupe.com\/wp-content\/uploads\/2025\/02\/elecnor.jpg 335w\" sizes=\"auto, (max-width: 300px) 100vw, 300px\" \/><\/p>\n<p style=\"text-align: center;\"><span style=\"color: #333333;\">Group Elecnor<\/span><\/div>\n<div class=\"wpv-grid grid-1-3  unextended animation-zoom-in animated-active no-extended-padding\" style=\"padding-top:0.05px;padding-bottom:0.05px;\" id=\"wpv-column-58938cfdef1f4e25070b48d768683bef\" ><p><img loading=\"lazy\" decoding=\"async\" class=\"wp-image-12 size-full aligncenter\" src=\"https:\/\/icm-groupe.com\/wp-content\/uploads\/2025\/02\/cosim.jpg\" alt=\"\" width=\"282\" height=\"179\" srcset=\"https:\/\/icm-groupe.com\/wp-content\/uploads\/2025\/02\/cosim.jpg 282w, https:\/\/icm-groupe.com\/wp-content\/uploads\/2025\/02\/cosim-262x166.jpg 262w\" sizes=\"auto, (max-width: 282px) 100vw, 282px\" \/><\/p>\n<p style=\"text-align: center;\"><span style=\"color: #333333;\">Conseil Supr\u00eame des Imams de C\u00f4te d&#8217;Ivoire<\/span><\/div><\/div>\n<div class=\"row \"><div class=\"wpv-grid grid-1-3  first unextended animation-zoom-in animated-active no-extended-padding\" style=\"padding-top:0.05px;padding-bottom:0.05px;\" id=\"wpv-column-8a7b05c9ef4f4c3d8fc9cdf9c37a9433\" ><p><img loading=\"lazy\" decoding=\"async\" class=\"wp-image-10 size-full aligncenter\" src=\"https:\/\/icm-groupe.com\/wp-content\/uploads\/2025\/02\/ci-cajou.jpg\" alt=\"\" width=\"200\" height=\"200\" srcset=\"https:\/\/icm-groupe.com\/wp-content\/uploads\/2025\/02\/ci-cajou.jpg 200w, https:\/\/icm-groupe.com\/wp-content\/uploads\/2025\/02\/ci-cajou-150x150.jpg 150w, https:\/\/icm-groupe.com\/wp-content\/uploads\/2025\/02\/ci-cajou-60x60.jpg 60w, https:\/\/icm-groupe.com\/wp-content\/uploads\/2025\/02\/ci-cajou-43x43.jpg 43w\" sizes=\"auto, (max-width: 200px) 100vw, 200px\" \/><\/p>\n<p style=\"text-align: center;\"><span style=\"color: #333333;\">CI-Cajou C\u00f4te d&#8217;Ivoire<\/span><\/div><\/div><\/div><\/div><\/div>\n","protected":false},"excerpt":{"rendered":"<p>Ceux qui nous font confiance Direction G\u00e9n\u00e9rale des Imp\u00f4ts de C\u00f4te d&#8217;Ivoire Ambassade des USA en C\u00f4te d&#8217;Ivoire Soci\u00e9t\u00e9 National d&#8217;Edition de Document Administratif et d&#8217;Identification Soci\u00e9t\u00e9 Internationale de Transport par Rail INTERNATIONAL RESCUE COMMITTE PORTEO-BTP\u00a0 Mutuelle des Douaniers de C\u00f4te d&#8217;Ivoire UNISERV-BTP NEW ENTREPRISE Centre Hospitalier Urbain de Treichville Group Elecnor Conseil Supr\u00eame des&#8230;<\/p>\n","protected":false},"author":1,"featured_media":0,"parent":0,"menu_order":0,"comment_status":"closed","ping_status":"closed","template":"","meta":{"footnotes":""},"class_list":["post-38","page","type-page","status-publish","hentry"],"_links":{"self":[{"href":"https:\/\/icm-groupe.com\/index.php\/wp-json\/wp\/v2\/pages\/38","targetHints":{"allow":["GET"]}}],"collection":[{"href":"https:\/\/icm-groupe.com\/index.php\/wp-json\/wp\/v2\/pages"}],"about":[{"href":"https:\/\/icm-groupe.com\/index.php\/wp-json\/wp\/v2\/types\/page"}],"author":[{"embeddable":true,"href":"https:\/\/icm-groupe.com\/index.php\/wp-json\/wp\/v2\/users\/1"}],"replies":[{"embeddable":true,"href":"https:\/\/icm-groupe.com\/index.php\/wp-json\/wp\/v2\/comments?post=38"}],"version-history":[{"count":37,"href":"https:\/\/icm-groupe.com\/index.php\/wp-json\/wp\/v2\/pages\/38\/revisions"}],"predecessor-version":[{"id":490,"href":"https:\/\/icm-groupe.com\/index.php\/wp-json\/wp\/v2\/pages\/38\/revisions\/490"}],"wp:attachment":[{"href":"https:\/\/icm-groupe.com\/index.php\/wp-json\/wp\/v2\/media?parent=38"}],"curies":[{"name":"wp","href":"https:\/\/api.w.org\/{rel}","templated":true}]}}