{"id":368,"date":"2025-02-07T21:25:15","date_gmt":"2025-02-07T21:25:15","guid":{"rendered":"https:\/\/icm-groupe.com\/?page_id=368"},"modified":"2025-02-18T10:55:12","modified_gmt":"2025-02-18T10:55:12","slug":"divers","status":"publish","type":"page","link":"https:\/\/icm-groupe.com\/index.php\/divers\/","title":{"rendered":"Divers"},"content":{"rendered":"<div class=\"limit-wrapper\"><div class=\"row \"><div class=\"wpv-grid grid-1-1  wpv-first-level first unextended no-extended-padding\" style=\"padding-top:0.05px;padding-bottom:0.05px;\" id=\"wpv-column-6367118960e9c45099fdde1b63a67d69\" ><blockquote><p>Autres prestations li\u00e9es au b\u00e2timent et \u00e0 la r\u00e9novation.<\/p><\/blockquote><\/div><\/div><\/div>\n","protected":false},"excerpt":{"rendered":"<p>Autres prestations li\u00e9es au b\u00e2timent et \u00e0 la r\u00e9novation.<\/p>\n","protected":false},"author":1,"featured_media":0,"parent":0,"menu_order":0,"comment_status":"closed","ping_status":"closed","template":"","meta":{"footnotes":""},"class_list":["post-368","page","type-page","status-publish","hentry"],"_links":{"self":[{"href":"https:\/\/icm-groupe.com\/index.php\/wp-json\/wp\/v2\/pages\/368","targetHints":{"allow":["GET"]}}],"collection":[{"href":"https:\/\/icm-groupe.com\/index.php\/wp-json\/wp\/v2\/pages"}],"about":[{"href":"https:\/\/icm-groupe.com\/index.php\/wp-json\/wp\/v2\/types\/page"}],"author":[{"embeddable":true,"href":"https:\/\/icm-groupe.com\/index.php\/wp-json\/wp\/v2\/users\/1"}],"replies":[{"embeddable":true,"href":"https:\/\/icm-groupe.com\/index.php\/wp-json\/wp\/v2\/comments?post=368"}],"version-history":[{"count":3,"href":"https:\/\/icm-groupe.com\/index.php\/wp-json\/wp\/v2\/pages\/368\/revisions"}],"predecessor-version":[{"id":566,"href":"https:\/\/icm-groupe.com\/index.php\/wp-json\/wp\/v2\/pages\/368\/revisions\/566"}],"wp:attachment":[{"href":"https:\/\/icm-groupe.com\/index.php\/wp-json\/wp\/v2\/media?parent=368"}],"curies":[{"name":"wp","href":"https:\/\/api.w.org\/{rel}","templated":true}]}}