{"id":364,"date":"2025-02-07T21:22:41","date_gmt":"2025-02-07T21:22:41","guid":{"rendered":"https:\/\/icm-groupe.com\/?page_id=364"},"modified":"2025-02-17T07:46:55","modified_gmt":"2025-02-17T07:46:55","slug":"construction-metallique","status":"publish","type":"page","link":"https:\/\/icm-groupe.com\/index.php\/construction-metallique\/","title":{"rendered":"Construction m\u00e9tallique"},"content":{"rendered":"<div class=\"limit-wrapper\"><div class=\"row \"><div class=\"wpv-grid grid-1-1  wpv-first-level first unextended no-extended-padding\" style=\"padding-top:0.05px;padding-bottom:0.05px;\" id=\"wpv-column-18f301d894b6dd3b907b331ee644250e\" ><blockquote>\n<div dir=\"auto\" style=\"text-align: center;\"><img loading=\"lazy\" decoding=\"async\" class=\" wp-image-373 alignleft\" src=\"https:\/\/icm-groupe.com\/wp-content\/uploads\/2025\/02\/metallique-300x258.jpg\" alt=\"\" width=\"367\" height=\"316\" srcset=\"https:\/\/icm-groupe.com\/wp-content\/uploads\/2025\/02\/metallique-300x258.jpg 300w, https:\/\/icm-groupe.com\/wp-content\/uploads\/2025\/02\/metallique-1024x881.jpg 1024w, https:\/\/icm-groupe.com\/wp-content\/uploads\/2025\/02\/metallique-768x661.jpg 768w, https:\/\/icm-groupe.com\/wp-content\/uploads\/2025\/02\/metallique-1536x1322.jpg 1536w, https:\/\/icm-groupe.com\/wp-content\/uploads\/2025\/02\/metallique-2048x1762.jpg 2048w, https:\/\/icm-groupe.com\/wp-content\/uploads\/2025\/02\/metallique-800x688.jpg 800w, https:\/\/icm-groupe.com\/wp-content\/uploads\/2025\/02\/metallique-1140x981.jpg 1140w, https:\/\/icm-groupe.com\/wp-content\/uploads\/2025\/02\/metallique-555x478.jpg 555w, https:\/\/icm-groupe.com\/wp-content\/uploads\/2025\/02\/metallique-360x310.jpg 360w, https:\/\/icm-groupe.com\/wp-content\/uploads\/2025\/02\/metallique-262x225.jpg 262w, https:\/\/icm-groupe.com\/wp-content\/uploads\/2025\/02\/metallique-1320x1136.jpg 1320w\" sizes=\"auto, (max-width: 367px) 100vw, 367px\" \/>Conception et montage de structures m\u00e9talliques adapt\u00e9es aux b\u00e2timents industriels,<\/div>\n<div dir=\"auto\" style=\"text-align: center;\">\u00a0entrep\u00f4ts et hangars.<\/div>\n<\/blockquote><\/div><\/div><\/div>\n","protected":false},"excerpt":{"rendered":"<p>Conception et montage de structures m\u00e9talliques adapt\u00e9es aux b\u00e2timents industriels, \u00a0entrep\u00f4ts et hangars.<\/p>\n","protected":false},"author":1,"featured_media":0,"parent":0,"menu_order":0,"comment_status":"closed","ping_status":"closed","template":"","meta":{"footnotes":""},"class_list":["post-364","page","type-page","status-publish","hentry"],"_links":{"self":[{"href":"https:\/\/icm-groupe.com\/index.php\/wp-json\/wp\/v2\/pages\/364","targetHints":{"allow":["GET"]}}],"collection":[{"href":"https:\/\/icm-groupe.com\/index.php\/wp-json\/wp\/v2\/pages"}],"about":[{"href":"https:\/\/icm-groupe.com\/index.php\/wp-json\/wp\/v2\/types\/page"}],"author":[{"embeddable":true,"href":"https:\/\/icm-groupe.com\/index.php\/wp-json\/wp\/v2\/users\/1"}],"replies":[{"embeddable":true,"href":"https:\/\/icm-groupe.com\/index.php\/wp-json\/wp\/v2\/comments?post=364"}],"version-history":[{"count":6,"href":"https:\/\/icm-groupe.com\/index.php\/wp-json\/wp\/v2\/pages\/364\/revisions"}],"predecessor-version":[{"id":570,"href":"https:\/\/icm-groupe.com\/index.php\/wp-json\/wp\/v2\/pages\/364\/revisions\/570"}],"wp:attachment":[{"href":"https:\/\/icm-groupe.com\/index.php\/wp-json\/wp\/v2\/media?parent=364"}],"curies":[{"name":"wp","href":"https:\/\/api.w.org\/{rel}","templated":true}]}}